{"id":137,"date":"2022-01-06T14:38:55","date_gmt":"2022-01-06T13:38:55","guid":{"rendered":"https:\/\/anetalighting.com\/?page_id=137"},"modified":"2025-01-29T10:34:12","modified_gmt":"2025-01-29T09:34:12","slug":"om-aneta-lighting","status":"publish","type":"page","link":"https:\/\/anetalighting.com\/se\/om-aneta-lighting\/","title":{"rendered":"Om Aneta Lighting"},"content":{"rendered":"Aneta Lighting \u00e4r en totalleverant\u00f6r av belysning till privat- och proffsmarknaden, prim\u00e4rt i Norden. Genom ett brett och attraktivt sortiment, god service och konkurenskraftiga priser, ska vi bidra till n\u00f6jda kunder.\r\n\r\nAneta Lighting best\u00e5r av Aneta Lighting AB i V\u00e4xj\u00f6, Sverige och Aneta Lighting AS i Kristiansand, Norge. S\u00e4llskapen \u00e4r en del av den norska koncernen Byggma ASA.\r\n\r\nAneta Lighting AB (tidigare Aneta Belysning AB) blev etablerat 1947 och Aneta Lighting AS (tidigare Scan Lamps AS) blev etablerat 1983.\r\nS\u00e4llskapen har genom \u00e5ren bedrivit produktion av dekorativ hembelysning och lampsk\u00e4rmar. Sedan 1990-talet har produktionen f\u00f6rlagts till v\u00e5ra samarbetspartner i Fj\u00e4rran \u00d6stern.\r\n\r\nDesign och produktutveckling sker fortsatt inom egen organisation i Sverige och Norge.\r\n\r\nI dag \u00e4r v\u00e5rt produktsortiment uppdelat i tv\u00e5 kategorier:\r\n<ul>\r\n \t<li>Aneta HOME som \u00e4r v\u00e5rt sortiment av dekorativ hembelysning som s\u00e4ljs via ett brett n\u00e4tverk av seri\u00f6sa handlare i Norden.<\/li>\r\n \t<li>Aneta PROFESSIONAL som \u00e4r v\u00e5rt sortiment av professionell funktionsbelysning som s\u00e4ljs via elgrossister i Norden.<\/li>\r\n<\/ul>\r\nVi har l\u00e4nge tillh\u00f6rt de marknadsledande akt\u00f6rerna inom kategorin dekorativ hembelysning till belysningsfackhandels-, m\u00f6bel-, och byggvarubutiker i Skandinavien.\r\n\r\nSedan 2017 har vi utvecklat ett eget sortiment av professionell funktionsbelysning som tillgodoser installat\u00f6rers behov av monteringsv\u00e4nliga produkter. Detta \u00e4r ett marknadssegment Aneta Lighting kommer att satsa mer p\u00e5 fram\u00f6ver.\r\n\r\n<section id=\"\" class=\"section-row section-text section-row--container section-row--background-default\"><section class=\"section-textarea section-textarea--container section-textarea--side-image section-textarea--side-image--right section-textarea--side-image--normal\">\r\n<div class=\"section-textarea-inner\">\r\n<h2 class=\"section-textarea__heading text-left\">VI BRYR OSS OM<\/h2>\r\n<section class=\"section-textarea__content\">Aneta Lighting AS har seden 1988 haft en egen avdelning f\u00f6r VTA (Varaktigt Tillr\u00e4ttalagt Arbete) f\u00f6r personer som har behov f\u00f6r speciellt tillr\u00e4ttalagt arbete i en avgr\u00e4nsad verksamhet.Vi har nu ett fint dotters\u00e4llskap \u2013 Scan Lamps VTA AS \u2013 med 21 entusiastiska och motiverade deltagare, d\u00e4r flera har varit med oss sedan uppstarten 1988.Avdelingen arbetar bland annat med t\u00f6mning av containers, packning av plafonder, emballering och m\u00e4rkning, och har \u00e4ven m\u00e5nga uppdrag internt \u00e5t Byggmakoncernen med produktion av tapetb\u00f6cker, provblock av v\u00e4ggpaneler, packning av skruvar etc.\r\n\r\n<\/section><section><\/section><section><\/section><\/div>\r\n<\/section><\/section><section id=\"\" class=\"section-row section-text section-row--container section-row--background-default\"><section class=\"section-textarea section-textarea--container \">\r\n<div class=\"section-textarea-inner\">\r\n<h2 class=\"section-textarea__heading text-left\">BYGGMA GROUP:<\/h2>\r\n<section class=\"section-textarea__content\">Aneta Lighting \u00e4r en del av Byggma ASA konsernen som \u00e4r noterad p\u00e5 Oslo B\u00f6rsen med ticker BMA. Byggma ASA \u00e4ger produktions- och handelss\u00e4llskap som Forestia AS, Huntonit AS, Smartpanel AS, Uldal AS, AS Byggform och Masonite Beams AB.<\/section><section>\u00a0 \u00a0<\/section><section class=\"section-textarea__content\"><div class=\"suki-oembed suki-oembed-video\" style=\"padding-top: 56.26%;\"><iframe loading=\"lazy\" title=\"Byggma Group - Industrigrupp med fokus p\u00e5 innovation och h\u00e5llbara r\u00e5varor.\" width=\"1310\" height=\"737\" src=\"https:\/\/www.youtube.com\/embed\/ho13OCpWztM?feature=oembed\" frameborder=\"0\" allow=\"accelerometer; autoplay; clipboard-write; encrypted-media; gyroscope; picture-in-picture; web-share\" referrerpolicy=\"strict-origin-when-cross-origin\" allowfullscreen><\/iframe><\/div>\r\n\r\n<\/section><\/div>\r\n<\/section><\/section><section id=\"\" class=\"section-row section-text section-row--container section-row--background-default\"><section class=\"section-textarea section-textarea--container \">\r\n<div class=\"section-textarea-inner\">\r\n<h1 class=\"section-textarea__heading text-left\">Vi lyser upp din vardag<\/h1>\r\n<\/div>\r\n<\/section><\/section><!-- \/wp:post-content -->","protected":false},"excerpt":{"rendered":"<p>Aneta Lighting \u00e4r en totalleverant\u00f6r av belysning till privat- och proffsmarknaden, prim\u00e4rt i Norden. Genom ett brett och attraktivt sortiment, god service och konkurenskraftiga priser, ska vi bidra till n\u00f6jda kunder. Aneta Lighting best\u00e5r av Aneta Lighting AB i V\u00e4xj\u00f6, Sverige och Aneta Lighting AS i Kristiansand, Norge. S\u00e4llskapen \u00e4r en del av den norska &hellip;<\/p>\n","protected":false},"author":2,"featured_media":0,"parent":0,"menu_order":0,"comment_status":"closed","ping_status":"closed","template":"","meta":{"_acf_changed":false,"inline_featured_image":false,"footnotes":""},"class_list":["post-137","page","type-page","status-publish","hentry"],"acf":[],"yoast_head":"<!-- This site is optimized with the Yoast SEO plugin v27.5 - https:\/\/yoast.com\/product\/yoast-seo-wordpress\/ -->\n<title>Om Aneta Lighting - Aneta Lighting<\/title>\n<meta name=\"robots\" content=\"index, follow, max-snippet:-1, max-image-preview:large, max-video-preview:-1\" \/>\n<link rel=\"canonical\" href=\"https:\/\/anetalighting.com\/se\/om-aneta-lighting\/\" \/>\n<meta property=\"og:locale\" content=\"en_US\" \/>\n<meta property=\"og:type\" content=\"article\" \/>\n<meta property=\"og:title\" content=\"Om Aneta Lighting - Aneta Lighting\" \/>\n<meta property=\"og:description\" content=\"Aneta Lighting \u00e4r en totalleverant\u00f6r av belysning till privat- och proffsmarknaden, prim\u00e4rt i Norden. Genom ett brett och attraktivt sortiment, god service och konkurenskraftiga priser, ska vi bidra till n\u00f6jda kunder. Aneta Lighting best\u00e5r av Aneta Lighting AB i V\u00e4xj\u00f6, Sverige och Aneta Lighting AS i Kristiansand, Norge. S\u00e4llskapen \u00e4r en del av den norska &hellip;\" \/>\n<meta property=\"og:url\" content=\"https:\/\/anetalighting.com\/se\/om-aneta-lighting\/\" \/>\n<meta property=\"og:site_name\" content=\"Aneta Lighting\" \/>\n<meta property=\"article:modified_time\" content=\"2025-01-29T09:34:12+00:00\" \/>\n<meta name=\"twitter:card\" content=\"summary_large_image\" \/>\n<meta name=\"twitter:label1\" content=\"Est. reading time\" \/>\n\t<meta name=\"twitter:data1\" content=\"2 minutes\" \/>\n<script type=\"application\/ld+json\" class=\"yoast-schema-graph\">{\"@context\":\"https:\\\/\\\/schema.org\",\"@graph\":[{\"@type\":\"WebPage\",\"@id\":\"https:\\\/\\\/anetalighting.com\\\/se\\\/om-aneta-lighting\\\/\",\"url\":\"https:\\\/\\\/anetalighting.com\\\/se\\\/om-aneta-lighting\\\/\",\"name\":\"Om Aneta Lighting - Aneta Lighting\",\"isPartOf\":{\"@id\":\"https:\\\/\\\/anetalighting.com\\\/no\\\/#website\"},\"datePublished\":\"2022-01-06T13:38:55+00:00\",\"dateModified\":\"2025-01-29T09:34:12+00:00\",\"breadcrumb\":{\"@id\":\"https:\\\/\\\/anetalighting.com\\\/se\\\/om-aneta-lighting\\\/#breadcrumb\"},\"inLanguage\":\"se-SE\",\"potentialAction\":[{\"@type\":\"ReadAction\",\"target\":[\"https:\\\/\\\/anetalighting.com\\\/se\\\/om-aneta-lighting\\\/\"]}]},{\"@type\":\"BreadcrumbList\",\"@id\":\"https:\\\/\\\/anetalighting.com\\\/se\\\/om-aneta-lighting\\\/#breadcrumb\",\"itemListElement\":[{\"@type\":\"ListItem\",\"position\":1,\"name\":\"Hjem\",\"item\":\"https:\\\/\\\/anetalighting.com\\\/se\\\/\"},{\"@type\":\"ListItem\",\"position\":2,\"name\":\"Om Aneta Lighting\"}]},{\"@type\":\"WebSite\",\"@id\":\"https:\\\/\\\/anetalighting.com\\\/no\\\/#website\",\"url\":\"https:\\\/\\\/anetalighting.com\\\/no\\\/\",\"name\":\"Aneta Lighting\",\"description\":\"\",\"potentialAction\":[{\"@type\":\"SearchAction\",\"target\":{\"@type\":\"EntryPoint\",\"urlTemplate\":\"https:\\\/\\\/anetalighting.com\\\/no\\\/?s={search_term_string}\"},\"query-input\":{\"@type\":\"PropertyValueSpecification\",\"valueRequired\":true,\"valueName\":\"search_term_string\"}}],\"inLanguage\":\"se-SE\"}]}<\/script>\n<!-- \/ Yoast SEO plugin. -->","yoast_head_json":{"title":"Om Aneta Lighting - Aneta Lighting","robots":{"index":"index","follow":"follow","max-snippet":"max-snippet:-1","max-image-preview":"max-image-preview:large","max-video-preview":"max-video-preview:-1"},"canonical":"https:\/\/anetalighting.com\/se\/om-aneta-lighting\/","og_locale":"en_US","og_type":"article","og_title":"Om Aneta Lighting - Aneta Lighting","og_description":"Aneta Lighting \u00e4r en totalleverant\u00f6r av belysning till privat- och proffsmarknaden, prim\u00e4rt i Norden. Genom ett brett och attraktivt sortiment, god service och konkurenskraftiga priser, ska vi bidra till n\u00f6jda kunder. Aneta Lighting best\u00e5r av Aneta Lighting AB i V\u00e4xj\u00f6, Sverige och Aneta Lighting AS i Kristiansand, Norge. S\u00e4llskapen \u00e4r en del av den norska &hellip;","og_url":"https:\/\/anetalighting.com\/se\/om-aneta-lighting\/","og_site_name":"Aneta Lighting","article_modified_time":"2025-01-29T09:34:12+00:00","twitter_card":"summary_large_image","twitter_misc":{"Est. reading time":"2 minutes"},"schema":{"@context":"https:\/\/schema.org","@graph":[{"@type":"WebPage","@id":"https:\/\/anetalighting.com\/se\/om-aneta-lighting\/","url":"https:\/\/anetalighting.com\/se\/om-aneta-lighting\/","name":"Om Aneta Lighting - Aneta Lighting","isPartOf":{"@id":"https:\/\/anetalighting.com\/no\/#website"},"datePublished":"2022-01-06T13:38:55+00:00","dateModified":"2025-01-29T09:34:12+00:00","breadcrumb":{"@id":"https:\/\/anetalighting.com\/se\/om-aneta-lighting\/#breadcrumb"},"inLanguage":"se-SE","potentialAction":[{"@type":"ReadAction","target":["https:\/\/anetalighting.com\/se\/om-aneta-lighting\/"]}]},{"@type":"BreadcrumbList","@id":"https:\/\/anetalighting.com\/se\/om-aneta-lighting\/#breadcrumb","itemListElement":[{"@type":"ListItem","position":1,"name":"Hjem","item":"https:\/\/anetalighting.com\/se\/"},{"@type":"ListItem","position":2,"name":"Om Aneta Lighting"}]},{"@type":"WebSite","@id":"https:\/\/anetalighting.com\/no\/#website","url":"https:\/\/anetalighting.com\/no\/","name":"Aneta Lighting","description":"","potentialAction":[{"@type":"SearchAction","target":{"@type":"EntryPoint","urlTemplate":"https:\/\/anetalighting.com\/no\/?s={search_term_string}"},"query-input":{"@type":"PropertyValueSpecification","valueRequired":true,"valueName":"search_term_string"}}],"inLanguage":"se-SE"}]}},"_links":{"self":[{"href":"https:\/\/anetalighting.com\/se\/wp-json\/wp\/v2\/pages\/137","targetHints":{"allow":["GET"]}}],"collection":[{"href":"https:\/\/anetalighting.com\/se\/wp-json\/wp\/v2\/pages"}],"about":[{"href":"https:\/\/anetalighting.com\/se\/wp-json\/wp\/v2\/types\/page"}],"author":[{"embeddable":true,"href":"https:\/\/anetalighting.com\/se\/wp-json\/wp\/v2\/users\/2"}],"replies":[{"embeddable":true,"href":"https:\/\/anetalighting.com\/se\/wp-json\/wp\/v2\/comments?post=137"}],"version-history":[{"count":7,"href":"https:\/\/anetalighting.com\/se\/wp-json\/wp\/v2\/pages\/137\/revisions"}],"predecessor-version":[{"id":566,"href":"https:\/\/anetalighting.com\/se\/wp-json\/wp\/v2\/pages\/137\/revisions\/566"}],"wp:attachment":[{"href":"https:\/\/anetalighting.com\/se\/wp-json\/wp\/v2\/media?parent=137"}],"curies":[{"name":"wp","href":"https:\/\/api.w.org\/{rel}","templated":true}]}}