{"id":139,"date":"2022-01-06T14:39:30","date_gmt":"2022-01-06T13:39:30","guid":{"rendered":"https:\/\/anetalighting.com\/?page_id=139"},"modified":"2025-01-29T10:27:39","modified_gmt":"2025-01-29T09:27:39","slug":"om-aneta-lighting","status":"publish","type":"page","link":"https:\/\/anetalighting.com\/no\/om-aneta-lighting\/","title":{"rendered":"Om Aneta Lighting"},"content":{"rendered":"<section class=\"section-textarea__content\">Aneta Lighting er en totalleverand\u00f8r av belysning til privat- og proffmarkedet, prim\u00e6rt i Norden. Gjennom et bredt og attraktivt sortiment, god service og konkurransedyktige priser, skal vi bidra til forn\u00f8yde kunder.<\/section><section><\/section><section><\/section><section><\/section><section><\/section><section class=\"section-textarea__content\">Aneta Lighting best\u00e5r av Aneta Lighting AS i Kristiansand, Norge og Aneta Lighting AB i V\u00e4xj\u00f6, Sverige. Selskapene er en del av det norske Byggma ASA konsernet.<\/section><section><\/section><section><\/section><section><\/section><section class=\"section-textarea__content\">Aneta Lighting AS (tidligere Scan Lamps AS) ble etablert i 1983 og Aneta Lighting AB (tidligere Aneta Belysning AB) ble etablert i 1947.<\/section><section><\/section><section><\/section><section class=\"section-textarea__content\">Selskapene har opp gjennom \u00e5rene drevet med produksjon av dekorativ hjemmebelysning og lampeskjermer. Siden 1990-tallet har produksjonen blitt satt bort til samarbeidspartnere i \u00d8sten.<\/section><section><\/section><section class=\"section-textarea__content\">Design og produktutvikling ivaretas fortsatt av v\u00e5r egen organisasjon i Norge og Sverige.<\/section><section class=\"section-textarea__content\">I dag er v\u00e5rt produktsortiment delt i to kategorier:\r\n<ul>\r\n \t<li><strong>Aneta HOME<\/strong>\r\nDette er v\u00e5rt sortiment av dekorativ hjemmebelysning som selges via et bredt nettverk av seri\u00f8se forhandlere i Norden.<\/li>\r\n \t<li><strong>Aneta PROFESSIONAL<\/strong>\r\nDette er v\u00e5rt sortiment av profesjonell funksjonsbelysning som selges via elektrogrossister i Norden.<\/li>\r\n<\/ul>\r\nVi har lenge v\u00e6rt blant de markedsledende akt\u00f8rer innen kategorien dekorativ hjemmebelysning til m\u00f8bel-, byggevare- og faghandelsforhandlere i Skandinavia.\r\n\r\nSiden 2017 har vi utviklet et eget sortiment av profesjonell funksjonsbelysning tilpasset installat\u00f8rers behov for monteringsvennlige produkter. Dette er et markedssegment selskapet vil satse tungt inn mot i \u00e5rene fremover.\r\n\r\n&nbsp;\r\n\r\n<\/section><section id=\"\" class=\"section-row section-text section-row--container section-row--background-default\"><section class=\"section-textarea section-textarea--container section-textarea--side-image section-textarea--side-image--right section-textarea--side-image--normal\">\r\n<div class=\"section-textarea-inner\">\r\n<h2 class=\"section-textarea__heading text-left\">VI BRYR OSS<\/h2>\r\n<section class=\"section-textarea__content\">Aneta Lighting AS har siden 1988 hatt en egen avdeling for VTA (Varig Tilrettelagt Arbeid) for personer som har behov for spesielt tillrettelagt arbeid i en skjermet virksomhet.Vi har n\u00e5 et hyggelig datterselskap \u2013 Scan Lamps VTA AS \u2013 med 21 entusiastiske og motiverte deltakere, hvor flere har v\u00e6rt med siden oppstarten i 1988.Avdelingen jobber blant annet med t\u00f8mming av containere, pakking av plafonder, omklistring og ompakking, og har ogs\u00e5 mange oppdrag internt for Byggma Gruppen med produksjon av tapetb\u00f8ker, pr\u00f8veknipper av veggpanel, pakking av skruer m.m.<\/section><section>\u00a0\u00a0<\/section><section><iframe loading=\"lazy\" title=\"YouTube video player\" src=\"https:\/\/www.youtube.com\/embed\/xV4YBGISq3I\" width=\"560\" height=\"315\" frameborder=\"0\" allowfullscreen=\"allowfullscreen\"><\/iframe><\/section><section><\/section><\/div>\r\n<\/section><\/section><section id=\"\" class=\"section-row section-text section-row--container section-row--background-default\"><section class=\"section-textarea section-textarea--container \">\r\n<div class=\"section-textarea-inner\">\r\n<h2 class=\"section-textarea__heading text-left\">BYGGMA GROUP:<\/h2>\r\n<section class=\"section-textarea__content\">Aneta Lighting er en del av Byggma ASA-konsernet som er notert p\u00e5 Oslo B\u00f8rs med ticker BMA. Byggma ASA eier produksjons- og handelsselskaper som Forestia AS, Huntonit AS, Smartpanel AS, Uldal AS, AS Byggform og Masonite Beams AB.<\/section><section>\u00a0\u00a0<\/section><section><\/section><div class=\"suki-oembed suki-oembed-video\" style=\"padding-top: 56.26%;\"><iframe loading=\"lazy\" title=\"Byggma Group - konsernpresentasjon. Industrikonsern med fokus p\u00e5 innovasjon og b\u00e6rekraftige r\u00e5varer.\" width=\"1310\" height=\"737\" src=\"https:\/\/www.youtube.com\/embed\/wwkniN8G3MY?feature=oembed\" frameborder=\"0\" allow=\"accelerometer; autoplay; clipboard-write; encrypted-media; gyroscope; picture-in-picture; web-share\" referrerpolicy=\"strict-origin-when-cross-origin\" allowfullscreen><\/iframe><\/div>\r\n\r\n<\/div>\r\n<\/section><\/section><section id=\"\" class=\"section-row section-text section-row--container section-row--background-default\"><section class=\"section-textarea section-textarea--container \">\r\n<div class=\"section-textarea-inner\">\r\n<h1 class=\"section-textarea__heading text-left\">Vi lyser opp hverdagen din<\/h1>\r\n<\/div>\r\n<\/section><\/section><!-- \/wp:post-content -->","protected":false},"excerpt":{"rendered":"<p>Aneta Lighting er en totalleverand\u00f8r av belysning til privat- og proffmarkedet, prim\u00e6rt i Norden. Gjennom et bredt og attraktivt sortiment, god service og konkurransedyktige priser, skal vi bidra til forn\u00f8yde kunder. Aneta Lighting best\u00e5r av Aneta Lighting AS i Kristiansand, Norge og Aneta Lighting AB i V\u00e4xj\u00f6, Sverige. Selskapene er en del av det norske &hellip;<\/p>\n","protected":false},"author":2,"featured_media":0,"parent":0,"menu_order":0,"comment_status":"closed","ping_status":"closed","template":"","meta":{"_acf_changed":false,"inline_featured_image":false,"footnotes":""},"class_list":["post-139","page","type-page","status-publish","hentry"],"acf":[],"yoast_head":"<!-- This site is optimized with the Yoast SEO plugin v27.3 - https:\/\/yoast.com\/product\/yoast-seo-wordpress\/ -->\n<title>Om Aneta Lighting - Aneta Lighting<\/title>\n<meta name=\"robots\" content=\"index, follow, max-snippet:-1, max-image-preview:large, max-video-preview:-1\" \/>\n<link rel=\"canonical\" href=\"https:\/\/anetalighting.com\/no\/om-aneta-lighting\/\" \/>\n<meta property=\"og:locale\" content=\"nb_NO\" \/>\n<meta property=\"og:type\" content=\"article\" \/>\n<meta property=\"og:title\" content=\"Om Aneta Lighting - Aneta Lighting\" \/>\n<meta property=\"og:description\" content=\"Aneta Lighting er en totalleverand\u00f8r av belysning til privat- og proffmarkedet, prim\u00e6rt i Norden. Gjennom et bredt og attraktivt sortiment, god service og konkurransedyktige priser, skal vi bidra til forn\u00f8yde kunder. Aneta Lighting best\u00e5r av Aneta Lighting AS i Kristiansand, Norge og Aneta Lighting AB i V\u00e4xj\u00f6, Sverige. Selskapene er en del av det norske &hellip;\" \/>\n<meta property=\"og:url\" content=\"https:\/\/anetalighting.com\/no\/om-aneta-lighting\/\" \/>\n<meta property=\"og:site_name\" content=\"Aneta Lighting\" \/>\n<meta property=\"article:modified_time\" content=\"2025-01-29T09:27:39+00:00\" \/>\n<meta name=\"twitter:card\" content=\"summary_large_image\" \/>\n<meta name=\"twitter:label1\" content=\"Ansl. lesetid\" \/>\n\t<meta name=\"twitter:data1\" content=\"2 minutter\" \/>\n<script type=\"application\/ld+json\" class=\"yoast-schema-graph\">{\"@context\":\"https:\\\/\\\/schema.org\",\"@graph\":[{\"@type\":\"WebPage\",\"@id\":\"https:\\\/\\\/anetalighting.com\\\/no\\\/om-aneta-lighting\\\/\",\"url\":\"https:\\\/\\\/anetalighting.com\\\/no\\\/om-aneta-lighting\\\/\",\"name\":\"Om Aneta Lighting - Aneta Lighting\",\"isPartOf\":{\"@id\":\"https:\\\/\\\/anetalighting.com\\\/no\\\/#website\"},\"datePublished\":\"2022-01-06T13:39:30+00:00\",\"dateModified\":\"2025-01-29T09:27:39+00:00\",\"breadcrumb\":{\"@id\":\"https:\\\/\\\/anetalighting.com\\\/no\\\/om-aneta-lighting\\\/#breadcrumb\"},\"inLanguage\":\"nb-NO\",\"potentialAction\":[{\"@type\":\"ReadAction\",\"target\":[\"https:\\\/\\\/anetalighting.com\\\/no\\\/om-aneta-lighting\\\/\"]}]},{\"@type\":\"BreadcrumbList\",\"@id\":\"https:\\\/\\\/anetalighting.com\\\/no\\\/om-aneta-lighting\\\/#breadcrumb\",\"itemListElement\":[{\"@type\":\"ListItem\",\"position\":1,\"name\":\"Hjem\",\"item\":\"https:\\\/\\\/anetalighting.com\\\/no\\\/\"},{\"@type\":\"ListItem\",\"position\":2,\"name\":\"Om Aneta Lighting\"}]},{\"@type\":\"WebSite\",\"@id\":\"https:\\\/\\\/anetalighting.com\\\/no\\\/#website\",\"url\":\"https:\\\/\\\/anetalighting.com\\\/no\\\/\",\"name\":\"Aneta Lighting\",\"description\":\"\",\"publisher\":{\"@id\":\"https:\\\/\\\/anetalighting.com\\\/no\\\/#organization\"},\"potentialAction\":[{\"@type\":\"SearchAction\",\"target\":{\"@type\":\"EntryPoint\",\"urlTemplate\":\"https:\\\/\\\/anetalighting.com\\\/no\\\/?s={search_term_string}\"},\"query-input\":{\"@type\":\"PropertyValueSpecification\",\"valueRequired\":true,\"valueName\":\"search_term_string\"}}],\"inLanguage\":\"nb-NO\"},{\"@type\":\"Organization\",\"@id\":\"https:\\\/\\\/anetalighting.com\\\/no\\\/#organization\",\"name\":\"Aneta Lighting\",\"url\":\"https:\\\/\\\/anetalighting.com\\\/no\\\/\",\"logo\":{\"@type\":\"ImageObject\",\"inLanguage\":\"nb-NO\",\"@id\":\"https:\\\/\\\/anetalighting.com\\\/no\\\/#\\\/schema\\\/logo\\\/image\\\/\",\"url\":\"https:\\\/\\\/d2leclyg1qy61s.cloudfront.net\\\/wp-content\\\/uploads\\\/2021\\\/11\\\/25144702\\\/ANETA-LIGHTING-logo-RGB_hvit.png\",\"contentUrl\":\"https:\\\/\\\/d2leclyg1qy61s.cloudfront.net\\\/wp-content\\\/uploads\\\/2021\\\/11\\\/25144702\\\/ANETA-LIGHTING-logo-RGB_hvit.png\",\"width\":624,\"height\":312,\"caption\":\"Aneta Lighting\"},\"image\":{\"@id\":\"https:\\\/\\\/anetalighting.com\\\/no\\\/#\\\/schema\\\/logo\\\/image\\\/\"}}]}<\/script>\n<!-- \/ Yoast SEO plugin. -->","yoast_head_json":{"title":"Om Aneta Lighting - Aneta Lighting","robots":{"index":"index","follow":"follow","max-snippet":"max-snippet:-1","max-image-preview":"max-image-preview:large","max-video-preview":"max-video-preview:-1"},"canonical":"https:\/\/anetalighting.com\/no\/om-aneta-lighting\/","og_locale":"nb_NO","og_type":"article","og_title":"Om Aneta Lighting - Aneta Lighting","og_description":"Aneta Lighting er en totalleverand\u00f8r av belysning til privat- og proffmarkedet, prim\u00e6rt i Norden. Gjennom et bredt og attraktivt sortiment, god service og konkurransedyktige priser, skal vi bidra til forn\u00f8yde kunder. Aneta Lighting best\u00e5r av Aneta Lighting AS i Kristiansand, Norge og Aneta Lighting AB i V\u00e4xj\u00f6, Sverige. Selskapene er en del av det norske &hellip;","og_url":"https:\/\/anetalighting.com\/no\/om-aneta-lighting\/","og_site_name":"Aneta Lighting","article_modified_time":"2025-01-29T09:27:39+00:00","twitter_card":"summary_large_image","twitter_misc":{"Ansl. lesetid":"2 minutter"},"schema":{"@context":"https:\/\/schema.org","@graph":[{"@type":"WebPage","@id":"https:\/\/anetalighting.com\/no\/om-aneta-lighting\/","url":"https:\/\/anetalighting.com\/no\/om-aneta-lighting\/","name":"Om Aneta Lighting - Aneta Lighting","isPartOf":{"@id":"https:\/\/anetalighting.com\/no\/#website"},"datePublished":"2022-01-06T13:39:30+00:00","dateModified":"2025-01-29T09:27:39+00:00","breadcrumb":{"@id":"https:\/\/anetalighting.com\/no\/om-aneta-lighting\/#breadcrumb"},"inLanguage":"nb-NO","potentialAction":[{"@type":"ReadAction","target":["https:\/\/anetalighting.com\/no\/om-aneta-lighting\/"]}]},{"@type":"BreadcrumbList","@id":"https:\/\/anetalighting.com\/no\/om-aneta-lighting\/#breadcrumb","itemListElement":[{"@type":"ListItem","position":1,"name":"Hjem","item":"https:\/\/anetalighting.com\/no\/"},{"@type":"ListItem","position":2,"name":"Om Aneta Lighting"}]},{"@type":"WebSite","@id":"https:\/\/anetalighting.com\/no\/#website","url":"https:\/\/anetalighting.com\/no\/","name":"Aneta Lighting","description":"","publisher":{"@id":"https:\/\/anetalighting.com\/no\/#organization"},"potentialAction":[{"@type":"SearchAction","target":{"@type":"EntryPoint","urlTemplate":"https:\/\/anetalighting.com\/no\/?s={search_term_string}"},"query-input":{"@type":"PropertyValueSpecification","valueRequired":true,"valueName":"search_term_string"}}],"inLanguage":"nb-NO"},{"@type":"Organization","@id":"https:\/\/anetalighting.com\/no\/#organization","name":"Aneta Lighting","url":"https:\/\/anetalighting.com\/no\/","logo":{"@type":"ImageObject","inLanguage":"nb-NO","@id":"https:\/\/anetalighting.com\/no\/#\/schema\/logo\/image\/","url":"https:\/\/d2leclyg1qy61s.cloudfront.net\/wp-content\/uploads\/2021\/11\/25144702\/ANETA-LIGHTING-logo-RGB_hvit.png","contentUrl":"https:\/\/d2leclyg1qy61s.cloudfront.net\/wp-content\/uploads\/2021\/11\/25144702\/ANETA-LIGHTING-logo-RGB_hvit.png","width":624,"height":312,"caption":"Aneta Lighting"},"image":{"@id":"https:\/\/anetalighting.com\/no\/#\/schema\/logo\/image\/"}}]}},"_links":{"self":[{"href":"https:\/\/anetalighting.com\/no\/wp-json\/wp\/v2\/pages\/139","targetHints":{"allow":["GET"]}}],"collection":[{"href":"https:\/\/anetalighting.com\/no\/wp-json\/wp\/v2\/pages"}],"about":[{"href":"https:\/\/anetalighting.com\/no\/wp-json\/wp\/v2\/types\/page"}],"author":[{"embeddable":true,"href":"https:\/\/anetalighting.com\/no\/wp-json\/wp\/v2\/users\/2"}],"replies":[{"embeddable":true,"href":"https:\/\/anetalighting.com\/no\/wp-json\/wp\/v2\/comments?post=139"}],"version-history":[{"count":9,"href":"https:\/\/anetalighting.com\/no\/wp-json\/wp\/v2\/pages\/139\/revisions"}],"predecessor-version":[{"id":559,"href":"https:\/\/anetalighting.com\/no\/wp-json\/wp\/v2\/pages\/139\/revisions\/559"}],"wp:attachment":[{"href":"https:\/\/anetalighting.com\/no\/wp-json\/wp\/v2\/media?parent=139"}],"curies":[{"name":"wp","href":"https:\/\/api.w.org\/{rel}","templated":true}]}}